{"id":62,"date":"2017-10-02T23:17:12","date_gmt":"2017-10-02T21:17:12","guid":{"rendered":"http:\/\/sylvainloisant.org\/?page_id=62"},"modified":"2021-04-24T16:10:30","modified_gmt":"2021-04-24T14:10:30","slug":"contact","status":"publish","type":"page","link":"https:\/\/sylvainloisant.org\/en\/contact\/","title":{"rendered":"Contact"},"content":{"rendered":"\t\t<div data-elementor-type=\"wp-page\" data-elementor-id=\"62\" class=\"elementor elementor-62\" data-elementor-post-type=\"page\">\n\t\t\t\t\t\t<section class=\"elementor-section elementor-top-section elementor-element elementor-element-7085454f elementor-section-boxed elementor-section-height-default elementor-section-height-default\" data-id=\"7085454f\" data-element_type=\"section\" data-e-type=\"section\">\n\t\t\t\t\t\t<div class=\"elementor-container elementor-column-gap-default\">\n\t\t\t\t\t<div class=\"elementor-column elementor-col-100 elementor-top-column elementor-element elementor-element-3aa2ea4b\" data-id=\"3aa2ea4b\" data-element_type=\"column\" data-e-type=\"column\">\n\t\t\t<div class=\"elementor-widget-wrap elementor-element-populated\">\n\t\t\t\t\t\t<div class=\"elementor-element elementor-element-dfcd3f6 elementor-widget elementor-widget-wpforms\" data-id=\"dfcd3f6\" data-element_type=\"widget\" data-e-type=\"widget\" data-widget_type=\"wpforms.default\">\n\t\t\t\t<div class=\"elementor-widget-container\">\n\t\t\t\t\t<div class=\"wpforms-container wpforms-container-full\" id=\"wpforms-6290\"><form id=\"wpforms-form-6290\" class=\"wpforms-validate wpforms-form\" data-formid=\"6290\" method=\"post\" enctype=\"multipart\/form-data\" action=\"\/en\/wp-json\/wp\/v2\/pages\/62\" data-token=\"15bfb6bca548d4a4a1d21cf1f1833eb9\" data-token-time=\"1776760276\"><noscript class=\"wpforms-error-noscript\">Please enable JavaScript in your browser to complete this form.<\/noscript><div class=\"wpforms-field-container\"><div id=\"wpforms-6290-field_0-container\" class=\"wpforms-field wpforms-field-name\" data-field-id=\"0\"><label class=\"wpforms-field-label\">Nom <span class=\"wpforms-required-label\">*<\/span><\/label><div class=\"wpforms-field-row wpforms-field-medium\"><div class=\"wpforms-field-row-block wpforms-first wpforms-one-half\"><input type=\"text\" id=\"wpforms-6290-field_0\" class=\"wpforms-field-name-first wpforms-field-required\" name=\"wpforms[fields][0][first]\" required><label for=\"wpforms-6290-field_0\" class=\"wpforms-field-sublabel after\">First<\/label><\/div><div class=\"wpforms-field-row-block wpforms-one-half\"><input type=\"text\" id=\"wpforms-6290-field_0-last\" class=\"wpforms-field-name-last wpforms-field-required\" name=\"wpforms[fields][0][last]\" required><label for=\"wpforms-6290-field_0-last\" class=\"wpforms-field-sublabel after\">Last<\/label><\/div><\/div><\/div><div id=\"wpforms-6290-field_1-container\" class=\"wpforms-field wpforms-field-email\" data-field-id=\"1\"><label class=\"wpforms-field-label\" for=\"wpforms-6290-field_1\">E-mail <span class=\"wpforms-required-label\">*<\/span><\/label><input type=\"email\" id=\"wpforms-6290-field_1\" class=\"wpforms-field-medium wpforms-field-required\" name=\"wpforms[fields][1]\" spellcheck=\"false\" required><\/div><div id=\"wpforms-6290-field_2-container\" class=\"wpforms-field wpforms-field-textarea\" data-field-id=\"2\"><label class=\"wpforms-field-label\" for=\"wpforms-6290-field_2\">Commentaire ou message <span class=\"wpforms-required-label\">*<\/span><\/label><textarea id=\"wpforms-6290-field_2\" class=\"wpforms-field-medium wpforms-field-required\" name=\"wpforms[fields][2]\" required><\/textarea><\/div><\/div><!-- .wpforms-field-container --><div class=\"wpforms-recaptcha-container wpforms-is-recaptcha wpforms-is-recaptcha-type-v3\" ><input type=\"hidden\" name=\"wpforms[recaptcha]\" value=\"\"><\/div><div class=\"wpforms-submit-container\" ><input type=\"hidden\" name=\"wpforms[id]\" value=\"6290\"><input type=\"hidden\" name=\"page_title\" value=\"\"><input type=\"hidden\" name=\"page_url\" value=\"https:\/\/sylvainloisant.org\/en\/wp-json\/wp\/v2\/pages\/62\"><input type=\"hidden\" name=\"url_referer\" value=\"\"><button type=\"submit\" name=\"wpforms[submit]\" id=\"wpforms-submit-6290\" class=\"wpforms-submit\" data-alt-text=\"Envoi...\" data-submit-text=\"Envoyer\" aria-live=\"assertive\" value=\"wpforms-submit\">Envoyer<\/button><\/div><input\n                    class=\"apbct_special_field apbct_email_id__wp_wpforms\"\n                    name=\"apbct__email_id__wp_wpforms\"\n                    aria-label=\"apbct__label_id__wp_wpforms\"\n                    type=\"text\" size=\"30\" maxlength=\"200\" autocomplete=\"off\"\n                    value=\"\"\n                \/><input\n                    class=\"apbct_special_field apbct_email_id__elementor_form\"\n                    name=\"apbct__email_id__elementor_form\"\n                    aria-label=\"apbct__label_id__elementor_form\"\n                    type=\"text\" size=\"30\" maxlength=\"200\" autocomplete=\"off\"\n                    value=\"\"\n                \/><\/form><\/div>  <!-- .wpforms-container -->\t\t\t\t<\/div>\n\t\t\t\t<\/div>\n\t\t\t\t\t<\/div>\n\t\t<\/div>\n\t\t\t\t\t<\/div>\n\t\t<\/section>\n\t\t\t\t<\/div>\n\t\t","protected":false},"excerpt":{"rendered":"","protected":false},"author":1,"featured_media":0,"parent":0,"menu_order":0,"comment_status":"closed","ping_status":"closed","template":"","meta":{"jetpack_post_was_ever_published":false,"footnotes":""},"class_list":["post-62","page","type-page","status-publish","hentry"],"jetpack_sharing_enabled":true,"jetpack_shortlink":"https:\/\/wp.me\/P6kPb2-10","jetpack-related-posts":[{"id":43924,"url":"https:\/\/sylvainloisant.org\/en\/selection-datelier-oeuvres-originales\/","url_meta":{"origin":62,"position":0},"title":"S\u00e9lection d\u2019Atelier \u2014 \u0152uvres originales","author":"Sylvain Loisant","date":"29 November 2025","format":false,"excerpt":"\u00a0 S\u00e9lection d\u2019Atelier \u2014 \u0152uvres originalesCette page pr\u00e9sente une s\u00e9lection limit\u00e9e de mes \u0153uvres r\u00e9centes :neuf tableaux, choisis pour leur diversit\u00e9, leur force po\u00e9tique et leur coh\u00e9rence artistique.Chacun d\u2019eux est une pi\u00e8ce unique, r\u00e9alis\u00e9e \u00e0 l\u2019huile ou au pastel,et accompagn\u00e9e d\u2019un certificat d\u2019authenticit\u00e9.Je propose ici un acc\u00e8s direct \u00e0 mon\u2026","rel":"","context":"Similar post","block_context":{"text":"Similar post","link":""},"img":{"alt_text":"","src":"https:\/\/i0.wp.com\/sylvainloisant.org\/wp-content\/uploads\/2022\/05\/Yin-Yang-forest-42-x-33-cm-150x150.jpg?resize=350%2C200&ssl=1","width":350,"height":200},"classes":[]},{"id":13845,"url":"https:\/\/sylvainloisant.org\/en\/l-imaginaire\/","url_meta":{"origin":62,"position":1},"title":"L&rsquo;imaginaire","author":"Sylvain Loisant","date":"30 June 2021","format":false,"excerpt":"L'IMAGINAIRE:Exercices et techniques Vous n'avez pas d'imagination?C'EST FAUX! Elle est bien la, il faut juste la travailler, sortir des sentiers battus. Dans ces cours, je vous propose les clefs que j'ai pu d\u00e9couvrir \u00e0 travers mon exp\u00e9rience pour l'exacerber. Vous n'arrivez pas \u00e0 structurer toutes vos id\u00e9es?L'imaginaire est un vaste\u2026","rel":"","context":"Similar post","block_context":{"text":"Similar post","link":""},"img":{"alt_text":"","src":"","width":0,"height":0},"classes":[]},{"id":41426,"url":"https:\/\/sylvainloisant.org\/en\/oeuvres-disponibles\/","url_meta":{"origin":62,"position":2},"title":"OEUVRES DISPONIBLES","author":"Sylvain Loisant","date":"10 February 2024","format":false,"excerpt":"Pourquoi un lien direct?La vie d'artiste peintre, c'est entre autre d'amener des toiles dans des galeries un peu partout, ces toiles y prennent souvent la poussi\u00e8re, et alors qu'elles repr\u00e9sentent un \u00e9norme travail, elles sont stock\u00e9es souvent pour peu de chose et vues par\u00a0 quelques dizaines de personnes par semaine.\u2026","rel":"","context":"Similar post","block_context":{"text":"Similar post","link":""},"img":{"alt_text":"For\u00eat rouge verticale 450 ko","src":"https:\/\/i0.wp.com\/sylvainloisant.org\/wp-content\/uploads\/2024\/02\/Foret-rouge-verticale-450-ko-821x1024.jpg?resize=350%2C200&ssl=1","width":350,"height":200,"srcset":"https:\/\/i0.wp.com\/sylvainloisant.org\/wp-content\/uploads\/2024\/02\/Foret-rouge-verticale-450-ko-821x1024.jpg?resize=350%2C200&ssl=1 1x, https:\/\/i0.wp.com\/sylvainloisant.org\/wp-content\/uploads\/2024\/02\/Foret-rouge-verticale-450-ko-821x1024.jpg?resize=525%2C300&ssl=1 1.5x, https:\/\/i0.wp.com\/sylvainloisant.org\/wp-content\/uploads\/2024\/02\/Foret-rouge-verticale-450-ko-821x1024.jpg?resize=700%2C400&ssl=1 2x"},"classes":[]},{"id":53,"url":"https:\/\/sylvainloisant.org\/en\/a-propos\/","url_meta":{"origin":62,"position":3},"title":"exhibition news","author":"Sylvain Loisant","date":"2 October 2017","format":false,"excerpt":"CONTACT\/ 06 07 09 65 07\u00a0 s.loisant@gmail.comExposition r\u00e9guli\u00e8res dans des galeries :Galerie atelier 151 rue Galli\u00e9ni \u00e0 VittelGalerie du vieux pont Treignac 19260Rewelch galerie Seattle USAGalerie Rollebeek BruxellesGalerie Cadrart DijonGalerie Golino Li\u00e8ge (marchand)Galerie au temps qui passe Genolier \u00a0SuisseExposition sur le web:singulartGalerie la chrisom\u00e8le\u00a0 \u00e0 Clermont FerrandyourartCote d'artiste ICAC:\u00a0 \u00a0https:\/\/www.i-cac.fr\/artiste\/loisant-sylvain-1.html2025\u2026","rel":"","context":"Similar post","block_context":{"text":"Similar post","link":""},"img":{"alt_text":"","src":"https:\/\/i0.wp.com\/sylvainloisant.org\/wp-content\/uploads\/2017\/10\/14601096_1557030334322579_1832768333883459810_n-Copie-300x265.jpg?resize=350%2C200","width":350,"height":200},"classes":[]},{"id":21156,"url":"https:\/\/sylvainloisant.org\/en\/paysage-a-lhuile-techniques-diverses\/","url_meta":{"origin":62,"position":4},"title":"Le paysage \u00e0 l&rsquo;huile: techniques diverses","author":"Sylvain Loisant","date":"2 October 2021","format":false,"excerpt":"Le paysage \u00e0 l'huile: techniques diverses 3h30 de cours en 11 vid\u00e9os https:\/\/vimeo.com\/613433443 Apprenez gr\u00e2ce \u00e0 des exercices simples 3 exercices pour engranger une m\u00e9thodologie qui vous permettra de mettre en place votre technique. Regardez et copier ma technique L'\u00e9tape de visualisation est tr\u00e8s importante dans l'apprentissage. Vous pourrez observer\u2026","rel":"","context":"Similar post","block_context":{"text":"Similar post","link":""},"img":{"alt_text":"","src":"","width":0,"height":0},"classes":[]}],"_links":{"self":[{"href":"https:\/\/sylvainloisant.org\/en\/wp-json\/wp\/v2\/pages\/62","targetHints":{"allow":["GET"]}}],"collection":[{"href":"https:\/\/sylvainloisant.org\/en\/wp-json\/wp\/v2\/pages"}],"about":[{"href":"https:\/\/sylvainloisant.org\/en\/wp-json\/wp\/v2\/types\/page"}],"author":[{"embeddable":true,"href":"https:\/\/sylvainloisant.org\/en\/wp-json\/wp\/v2\/users\/1"}],"replies":[{"embeddable":true,"href":"https:\/\/sylvainloisant.org\/en\/wp-json\/wp\/v2\/comments?post=62"}],"version-history":[{"count":22,"href":"https:\/\/sylvainloisant.org\/en\/wp-json\/wp\/v2\/pages\/62\/revisions"}],"predecessor-version":[{"id":6293,"href":"https:\/\/sylvainloisant.org\/en\/wp-json\/wp\/v2\/pages\/62\/revisions\/6293"}],"wp:attachment":[{"href":"https:\/\/sylvainloisant.org\/en\/wp-json\/wp\/v2\/media?parent=62"}],"curies":[{"name":"wp","href":"https:\/\/api.w.org\/{rel}","templated":true}]}}