{"id":442,"date":"2018-11-27T13:55:30","date_gmt":"2018-11-27T12:55:30","guid":{"rendered":"http:\/\/sylvainloisant.org\/?page_id=442"},"modified":"2020-01-22T17:06:49","modified_gmt":"2020-01-22T16:06:49","slug":"galerie","status":"publish","type":"page","link":"https:\/\/sylvainloisant.org\/en\/galerie\/","title":{"rendered":"Gallery"},"content":{"rendered":"<p class=\"center\">Here you can see all of Sylvain Loisant's works.<\/p>\n<div class=\"row\">\n<div class=\"column\">\n<p>&nbsp;<br \/>\n<a href=\"http:\/\/sylvainloisant.org\/en\/huiles-recentes\/\"><\/p>\n<h1 class=\"center\">Recent oils<\/h1>\n<p><img fetchpriority=\"high\" decoding=\"async\" data-attachment-id=\"126\" data-permalink=\"https:\/\/sylvainloisant.org\/en\/dsc_0050\/\" data-orig-file=\"https:\/\/sylvainloisant.org\/wp-content\/uploads\/2017\/10\/DSC_0050.jpg\" data-orig-size=\"800,574\" data-comments-opened=\"0\" data-image-meta=\"{&quot;aperture&quot;:&quot;5.3&quot;,&quot;credit&quot;:&quot;&quot;,&quot;camera&quot;:&quot;NIKON D5200&quot;,&quot;caption&quot;:&quot;&quot;,&quot;created_timestamp&quot;:&quot;1463330532&quot;,&quot;copyright&quot;:&quot;&quot;,&quot;focal_length&quot;:&quot;66&quot;,&quot;iso&quot;:&quot;2000&quot;,&quot;shutter_speed&quot;:&quot;0.008&quot;,&quot;title&quot;:&quot;&quot;,&quot;orientation&quot;:&quot;1&quot;}\" data-image-title=\"DSC_0050\" data-image-description=\"\" data-image-caption=\"&lt;p&gt;\u00ab\u00a0Petite plan\u00e8te bleue\u00a0\u00bb&lt;br \/&gt;26 x 18 cm&lt;\/p&gt;\" data-large-file=\"https:\/\/sylvainloisant.org\/wp-content\/uploads\/2017\/10\/DSC_0050.jpg\" class=\"size-medium wp-image-126\" src=\"http:\/\/sylvainloisant.org\/wp-content\/uploads\/2017\/10\/DSC_0050-300x215.jpg\" alt=\"\" width=\"300\" height=\"215\" srcset=\"https:\/\/sylvainloisant.org\/wp-content\/uploads\/2017\/10\/DSC_0050-300x215.jpg 300w, https:\/\/sylvainloisant.org\/wp-content\/uploads\/2017\/10\/DSC_0050-600x431.jpg 600w, https:\/\/sylvainloisant.org\/wp-content\/uploads\/2017\/10\/DSC_0050-768x551.jpg 768w, https:\/\/sylvainloisant.org\/wp-content\/uploads\/2017\/10\/DSC_0050-690x495.jpg 690w, https:\/\/sylvainloisant.org\/wp-content\/uploads\/2017\/10\/DSC_0050.jpg 800w\" sizes=\"(max-width: 300px) 100vw, 300px\" \/><\/a><\/p>\n<\/div>\n<div class=\"column\">\n<p>&nbsp;<br \/>\n<a href=\"http:\/\/sylvainloisant.org\/en\/huiles-coll-part\/\"><\/p>\n<h1 class=\"center\">Special Oils collection<\/h1>\n<p><img decoding=\"async\" data-attachment-id=\"95\" data-permalink=\"https:\/\/sylvainloisant.org\/en\/21-sam_0467\/\" data-orig-file=\"https:\/\/sylvainloisant.org\/wp-content\/uploads\/2017\/10\/21-SAM_0467.jpg\" data-orig-size=\"1600,1591\" data-comments-opened=\"0\" data-image-meta=\"{&quot;aperture&quot;:&quot;3.2&quot;,&quot;credit&quot;:&quot;Picasa&quot;,&quot;camera&quot;:&quot;WB700&quot;,&quot;caption&quot;:&quot;&quot;,&quot;created_timestamp&quot;:&quot;1343131799&quot;,&quot;copyright&quot;:&quot;&quot;,&quot;focal_length&quot;:&quot;4&quot;,&quot;iso&quot;:&quot;160&quot;,&quot;shutter_speed&quot;:&quot;0.033333333333333&quot;,&quot;title&quot;:&quot;&quot;,&quot;orientation&quot;:&quot;0&quot;}\" data-image-title=\"\u00ab\u00a0Puissance\u00a0\u00bb  120 x 120 cm\" data-image-description=\"\" data-image-caption=\"&lt;p&gt;\u00ab\u00a0Puissance\u00a0\u00bb&lt;br \/&gt;120 x 120 cm&lt;\/p&gt;\" data-large-file=\"https:\/\/sylvainloisant.org\/wp-content\/uploads\/2017\/10\/21-SAM_0467-1024x1018.jpg\" class=\"size-medium wp-image-95\" src=\"http:\/\/sylvainloisant.org\/wp-content\/uploads\/2017\/10\/21-SAM_0467-300x298.jpg\" alt=\"\" width=\"300\" height=\"298\" srcset=\"https:\/\/sylvainloisant.org\/wp-content\/uploads\/2017\/10\/21-SAM_0467-300x298.jpg 300w, https:\/\/sylvainloisant.org\/wp-content\/uploads\/2017\/10\/21-SAM_0467-100x100.jpg 100w, https:\/\/sylvainloisant.org\/wp-content\/uploads\/2017\/10\/21-SAM_0467-600x597.jpg 600w, https:\/\/sylvainloisant.org\/wp-content\/uploads\/2017\/10\/21-SAM_0467-150x150.jpg 150w, https:\/\/sylvainloisant.org\/wp-content\/uploads\/2017\/10\/21-SAM_0467-768x764.jpg 768w, https:\/\/sylvainloisant.org\/wp-content\/uploads\/2017\/10\/21-SAM_0467-1024x1018.jpg 1024w, https:\/\/sylvainloisant.org\/wp-content\/uploads\/2017\/10\/21-SAM_0467-690x686.jpg 690w, https:\/\/sylvainloisant.org\/wp-content\/uploads\/2017\/10\/21-SAM_0467-980x974.jpg 980w, https:\/\/sylvainloisant.org\/wp-content\/uploads\/2017\/10\/21-SAM_0467.jpg 1600w\" sizes=\"(max-width: 300px) 100vw, 300px\" \/><\/a><\/p>\n<\/div>\n<div class=\"column\">\n<p>&nbsp;<br \/>\n<a href=\"http:\/\/sylvainloisant.org\/en\/pastels-recents\/\"><\/p>\n<h1 class=\"center\">Recent pastels<\/h1>\n<p><img decoding=\"async\" data-attachment-id=\"161\" data-permalink=\"https:\/\/sylvainloisant.org\/en\/pastels-recents\/samsung-camera-pictures-25\/\" data-orig-file=\"https:\/\/sylvainloisant.org\/wp-content\/uploads\/2018\/02\/SAM_0608-scaled.jpg\" data-orig-size=\"2560,1908\" data-comments-opened=\"0\" data-image-meta=\"{&quot;aperture&quot;:&quot;3.8&quot;,&quot;credit&quot;:&quot;&quot;,&quot;camera&quot;:&quot;WB200F\/WB201F\/WB202F&quot;,&quot;caption&quot;:&quot;SAMSUNG CAMERA PICTURES&quot;,&quot;created_timestamp&quot;:&quot;1428144134&quot;,&quot;copyright&quot;:&quot;Copyright 2012&quot;,&quot;focal_length&quot;:&quot;8.7&quot;,&quot;iso&quot;:&quot;200&quot;,&quot;shutter_speed&quot;:&quot;0.033333333333333&quot;,&quot;title&quot;:&quot;SAMSUNG CAMERA PICTURES&quot;,&quot;orientation&quot;:&quot;1&quot;}\" data-image-title=\"Le fauteuil de Nietsche 30 x 40 cm\" data-image-description=\"\" data-image-caption=\"&lt;p&gt;Le fauteuil de Nietsche 30 x 40 cm&lt;\/p&gt;\" data-large-file=\"https:\/\/sylvainloisant.org\/wp-content\/uploads\/2018\/02\/SAM_0608-1024x763.jpg\" class=\"size-medium wp-image-161\" src=\"http:\/\/sylvainloisant.org\/wp-content\/uploads\/2018\/02\/SAM_0608-300x224.jpg\" alt=\"\" width=\"300\" height=\"224\" srcset=\"https:\/\/sylvainloisant.org\/wp-content\/uploads\/2018\/02\/SAM_0608-300x224.jpg 300w, https:\/\/sylvainloisant.org\/wp-content\/uploads\/2018\/02\/SAM_0608-600x447.jpg 600w, https:\/\/sylvainloisant.org\/wp-content\/uploads\/2018\/02\/SAM_0608-768x573.jpg 768w, https:\/\/sylvainloisant.org\/wp-content\/uploads\/2018\/02\/SAM_0608-1024x763.jpg 1024w, https:\/\/sylvainloisant.org\/wp-content\/uploads\/2018\/02\/SAM_0608-690x514.jpg 690w, https:\/\/sylvainloisant.org\/wp-content\/uploads\/2018\/02\/SAM_0608-980x731.jpg 980w\" sizes=\"(max-width: 300px) 100vw, 300px\" \/><\/a><\/p>\n<\/div>\n<div class=\"column\">\n<p>&nbsp;<br \/>\n<a href=\"http:\/\/sylvainloisant.org\/en\/pastels-coll-part\/\"><\/p>\n<h1 class=\"center\">Special Pastels collection<\/h1>\n<p><img loading=\"lazy\" decoding=\"async\" data-attachment-id=\"138\" data-permalink=\"https:\/\/sylvainloisant.org\/en\/pastels-coll-part\/img_20170427_195401\/\" data-orig-file=\"https:\/\/sylvainloisant.org\/wp-content\/uploads\/2017\/10\/IMG_20170427_195401.jpg\" data-orig-size=\"1920,1920\" data-comments-opened=\"0\" data-image-meta=\"{&quot;aperture&quot;:&quot;0&quot;,&quot;credit&quot;:&quot;&quot;,&quot;camera&quot;:&quot;&quot;,&quot;caption&quot;:&quot;&quot;,&quot;created_timestamp&quot;:&quot;0&quot;,&quot;copyright&quot;:&quot;&quot;,&quot;focal_length&quot;:&quot;0&quot;,&quot;iso&quot;:&quot;0&quot;,&quot;shutter_speed&quot;:&quot;0&quot;,&quot;title&quot;:&quot;&quot;,&quot;orientation&quot;:&quot;0&quot;}\" data-image-title=\"IMG_20170427_195401\" data-image-description=\"\" data-image-caption=\"&lt;p&gt;\u00ab\u00a0Bosquet rouge\u00a0\u00bb&lt;br \/&gt;30 x 40 cm&lt;\/p&gt;\" data-large-file=\"https:\/\/sylvainloisant.org\/wp-content\/uploads\/2017\/10\/IMG_20170427_195401-1024x1024.jpg\" class=\"size-medium wp-image-138\" src=\"http:\/\/sylvainloisant.org\/wp-content\/uploads\/2017\/10\/IMG_20170427_195401-300x300.jpg\" alt=\"\" width=\"300\" height=\"300\" srcset=\"https:\/\/sylvainloisant.org\/wp-content\/uploads\/2017\/10\/IMG_20170427_195401-300x300.jpg 300w, https:\/\/sylvainloisant.org\/wp-content\/uploads\/2017\/10\/IMG_20170427_195401-100x100.jpg 100w, https:\/\/sylvainloisant.org\/wp-content\/uploads\/2017\/10\/IMG_20170427_195401-600x600.jpg 600w, https:\/\/sylvainloisant.org\/wp-content\/uploads\/2017\/10\/IMG_20170427_195401-500x500.jpg 500w, https:\/\/sylvainloisant.org\/wp-content\/uploads\/2017\/10\/IMG_20170427_195401-400x400.jpg 400w, https:\/\/sylvainloisant.org\/wp-content\/uploads\/2017\/10\/IMG_20170427_195401-150x150.jpg 150w, https:\/\/sylvainloisant.org\/wp-content\/uploads\/2017\/10\/IMG_20170427_195401-768x768.jpg 768w, https:\/\/sylvainloisant.org\/wp-content\/uploads\/2017\/10\/IMG_20170427_195401-1024x1024.jpg 1024w, https:\/\/sylvainloisant.org\/wp-content\/uploads\/2017\/10\/IMG_20170427_195401-690x690.jpg 690w, https:\/\/sylvainloisant.org\/wp-content\/uploads\/2017\/10\/IMG_20170427_195401-980x980.jpg 980w, https:\/\/sylvainloisant.org\/wp-content\/uploads\/2017\/10\/IMG_20170427_195401.jpg 1920w\" sizes=\"(max-width: 300px) 100vw, 300px\" \/><\/a><\/p>\n<\/div>\n<\/div>","protected":false},"excerpt":{"rendered":"<p>Vous pouvez ici voir toutes les \u0153uvres de Sylvain Loisant. &nbsp; Huiles r\u00e9centes &nbsp; Huiles coll part &nbsp; Pastels r\u00e9cents &nbsp; Pastels coll part<\/p>","protected":false},"author":1,"featured_media":0,"parent":0,"menu_order":0,"comment_status":"closed","ping_status":"closed","template":"templates\/full-width-page.php","meta":{"jetpack_post_was_ever_published":false,"footnotes":""},"class_list":["post-442","page","type-page","status-publish","hentry"],"jetpack_sharing_enabled":true,"jetpack_shortlink":"https:\/\/wp.me\/P6kPb2-78","jetpack-related-posts":[{"id":43924,"url":"https:\/\/sylvainloisant.org\/en\/selection-datelier-oeuvres-originales\/","url_meta":{"origin":442,"position":0},"title":"S\u00e9lection d\u2019Atelier \u2014 \u0152uvres originales","author":"Sylvain Loisant","date":"29 November 2025","format":false,"excerpt":"\u00a0 S\u00e9lection d\u2019Atelier \u2014 \u0152uvres originalesCette page pr\u00e9sente une s\u00e9lection limit\u00e9e de mes \u0153uvres r\u00e9centes :neuf tableaux, choisis pour leur diversit\u00e9, leur force po\u00e9tique et leur coh\u00e9rence artistique.Chacun d\u2019eux est une pi\u00e8ce unique, r\u00e9alis\u00e9e \u00e0 l\u2019huile ou au pastel,et accompagn\u00e9e d\u2019un certificat d\u2019authenticit\u00e9.Je propose ici un acc\u00e8s direct \u00e0 mon\u2026","rel":"","context":"Similar post","block_context":{"text":"Similar post","link":""},"img":{"alt_text":"","src":"https:\/\/i0.wp.com\/sylvainloisant.org\/wp-content\/uploads\/2022\/05\/Yin-Yang-forest-42-x-33-cm-150x150.jpg?resize=350%2C200&ssl=1","width":350,"height":200},"classes":[]},{"id":41426,"url":"https:\/\/sylvainloisant.org\/en\/oeuvres-disponibles\/","url_meta":{"origin":442,"position":1},"title":"OEUVRES DISPONIBLES","author":"Sylvain Loisant","date":"10 February 2024","format":false,"excerpt":"Pourquoi un lien direct?La vie d'artiste peintre, c'est entre autre d'amener des toiles dans des galeries un peu partout, ces toiles y prennent souvent la poussi\u00e8re, et alors qu'elles repr\u00e9sentent un \u00e9norme travail, elles sont stock\u00e9es souvent pour peu de chose et vues par\u00a0 quelques dizaines de personnes par semaine.\u2026","rel":"","context":"Similar post","block_context":{"text":"Similar post","link":""},"img":{"alt_text":"For\u00eat rouge verticale 450 ko","src":"https:\/\/i0.wp.com\/sylvainloisant.org\/wp-content\/uploads\/2024\/02\/Foret-rouge-verticale-450-ko-821x1024.jpg?resize=350%2C200&ssl=1","width":350,"height":200,"srcset":"https:\/\/i0.wp.com\/sylvainloisant.org\/wp-content\/uploads\/2024\/02\/Foret-rouge-verticale-450-ko-821x1024.jpg?resize=350%2C200&ssl=1 1x, https:\/\/i0.wp.com\/sylvainloisant.org\/wp-content\/uploads\/2024\/02\/Foret-rouge-verticale-450-ko-821x1024.jpg?resize=525%2C300&ssl=1 1.5x, https:\/\/i0.wp.com\/sylvainloisant.org\/wp-content\/uploads\/2024\/02\/Foret-rouge-verticale-450-ko-821x1024.jpg?resize=700%2C400&ssl=1 2x"},"classes":[]},{"id":37589,"url":"https:\/\/sylvainloisant.org\/en\/huiles-recentes-2\/","url_meta":{"origin":442,"position":2},"title":"Recent oils","author":"Sylvain Loisant","date":"28 December 2022","format":false,"excerpt":"","rel":"","context":"Similar post","block_context":{"text":"Similar post","link":""},"img":{"alt_text":"","src":"","width":0,"height":0},"classes":[]},{"id":53,"url":"https:\/\/sylvainloisant.org\/en\/a-propos\/","url_meta":{"origin":442,"position":3},"title":"exhibition news","author":"Sylvain Loisant","date":"2 October 2017","format":false,"excerpt":"CONTACT\/ 06 07 09 65 07\u00a0 s.loisant@gmail.comExposition r\u00e9guli\u00e8res dans des galeries :Galerie atelier 151 rue Galli\u00e9ni \u00e0 VittelGalerie du vieux pont Treignac 19260Rewelch galerie Seattle USAGalerie Rollebeek BruxellesGalerie Cadrart DijonGalerie Golino Li\u00e8ge (marchand)Galerie au temps qui passe Genolier \u00a0SuisseExposition sur le web:singulartGalerie la chrisom\u00e8le\u00a0 \u00e0 Clermont FerrandyourartCote d'artiste ICAC:\u00a0 \u00a0https:\/\/www.i-cac.fr\/artiste\/loisant-sylvain-1.html2025\u2026","rel":"","context":"Similar post","block_context":{"text":"Similar post","link":""},"img":{"alt_text":"","src":"https:\/\/i0.wp.com\/sylvainloisant.org\/wp-content\/uploads\/2017\/10\/14601096_1557030334322579_1832768333883459810_n-Copie-300x265.jpg?resize=350%2C200","width":350,"height":200},"classes":[]},{"id":44034,"url":"https:\/\/sylvainloisant.org\/en\/oeuvres-selection\/","url_meta":{"origin":442,"position":4},"title":"Oeuvres -S\u00e9lection","author":"Sylvain Loisant","date":"27 December 2025","format":false,"excerpt":"\u00a0 \"Le bosquet bleu\" - huile - 42 x 33 cm\u00a0 \"Petit village vert \"- huile (36 x 29 cm\u00a0 \"Lecture au soleil\" - huile - 80 x 80 cm\u00a0\u00a0\u00a0 \"La for\u00eat Yin Yang\" - huile - 42 x 33 cm\u00a0 \"La flamme\" - pastel - 30 x 40 cm\u00a0\u2026","rel":"","context":"Similar post","block_context":{"text":"Similar post","link":""},"img":{"alt_text":"La for\u00eat d'\u00e9meraude)","src":"https:\/\/i0.wp.com\/sylvainloisant.org\/wp-content\/uploads\/2024\/02\/La-foret-demeraude-110-x-82-cm-1-1024x824.jpg?resize=350%2C200&ssl=1","width":350,"height":200,"srcset":"https:\/\/i0.wp.com\/sylvainloisant.org\/wp-content\/uploads\/2024\/02\/La-foret-demeraude-110-x-82-cm-1-1024x824.jpg?resize=350%2C200&ssl=1 1x, https:\/\/i0.wp.com\/sylvainloisant.org\/wp-content\/uploads\/2024\/02\/La-foret-demeraude-110-x-82-cm-1-1024x824.jpg?resize=525%2C300&ssl=1 1.5x, https:\/\/i0.wp.com\/sylvainloisant.org\/wp-content\/uploads\/2024\/02\/La-foret-demeraude-110-x-82-cm-1-1024x824.jpg?resize=700%2C400&ssl=1 2x"},"classes":[]},{"id":44238,"url":"https:\/\/sylvainloisant.org\/en\/huiles-et-pastels-de-formats-intermediaires\/","url_meta":{"origin":442,"position":5},"title":"Huiles et pastels de formats interm\u00e9diaires","author":"Sylvain Loisant","date":"1 March 2026","format":false,"excerpt":"Ces \u0153uvres de formats interm\u00e9diaires trouvent naturellement leur place dans un salon, un bureau ou une biblioth\u00e8que.Elles peuvent \u00eatre acquises directement aupr\u00e8s de l\u2019atelier.Cliquez sur une \u0153uvre pour d\u00e9couvrir les d\u00e9tails, vues compl\u00e9mentaires et modalit\u00e9s d\u2019acquisition.\u00a0Paiement possible en 3 fois \u2013 Envoi soign\u00e9 avec certificat d\u2019authenticit\u00e9.\u00a0 Arbre d'arbres en automne.\u2026","rel":"","context":"Similar post","block_context":{"text":"Similar post","link":""},"img":{"alt_text":"","src":"https:\/\/i0.wp.com\/sylvainloisant.org\/wp-content\/uploads\/2025\/12\/DSC00318-1024x855.jpg?resize=350%2C200&ssl=1","width":350,"height":200,"srcset":"https:\/\/i0.wp.com\/sylvainloisant.org\/wp-content\/uploads\/2025\/12\/DSC00318-1024x855.jpg?resize=350%2C200&ssl=1 1x, https:\/\/i0.wp.com\/sylvainloisant.org\/wp-content\/uploads\/2025\/12\/DSC00318-1024x855.jpg?resize=525%2C300&ssl=1 1.5x, https:\/\/i0.wp.com\/sylvainloisant.org\/wp-content\/uploads\/2025\/12\/DSC00318-1024x855.jpg?resize=700%2C400&ssl=1 2x"},"classes":[]}],"_links":{"self":[{"href":"https:\/\/sylvainloisant.org\/en\/wp-json\/wp\/v2\/pages\/442","targetHints":{"allow":["GET"]}}],"collection":[{"href":"https:\/\/sylvainloisant.org\/en\/wp-json\/wp\/v2\/pages"}],"about":[{"href":"https:\/\/sylvainloisant.org\/en\/wp-json\/wp\/v2\/types\/page"}],"author":[{"embeddable":true,"href":"https:\/\/sylvainloisant.org\/en\/wp-json\/wp\/v2\/users\/1"}],"replies":[{"embeddable":true,"href":"https:\/\/sylvainloisant.org\/en\/wp-json\/wp\/v2\/comments?post=442"}],"version-history":[{"count":20,"href":"https:\/\/sylvainloisant.org\/en\/wp-json\/wp\/v2\/pages\/442\/revisions"}],"predecessor-version":[{"id":42563,"href":"https:\/\/sylvainloisant.org\/en\/wp-json\/wp\/v2\/pages\/442\/revisions\/42563"}],"wp:attachment":[{"href":"https:\/\/sylvainloisant.org\/en\/wp-json\/wp\/v2\/media?parent=442"}],"curies":[{"name":"wp","href":"https:\/\/api.w.org\/{rel}","templated":true}]}}