{"id":2455,"date":"2020-11-08T11:42:49","date_gmt":"2020-11-08T10:42:49","guid":{"rendered":"https:\/\/sylvainloisant.org\/?page_id=2455"},"modified":"2020-11-08T16:36:29","modified_gmt":"2020-11-08T15:36:29","slug":"comment-reussir-une-nature-morte-hyperrealiste-2","status":"publish","type":"page","link":"https:\/\/sylvainloisant.org\/en\/comment-reussir-une-nature-morte-hyperrealiste-2\/","title":{"rendered":"COMMENT REUSSIR UNE NATURE MORTE HYPERREALISTE"},"content":{"rendered":"<div data-elementor-type=\"wp-page\" data-elementor-id=\"2455\" class=\"elementor elementor-2455\" data-elementor-post-type=\"page\">\n\t\t\t\t\t\t<section class=\"elementor-section elementor-top-section elementor-element elementor-element-92f03a1 elementor-section-boxed elementor-section-height-default elementor-section-height-default\" data-id=\"92f03a1\" data-element_type=\"section\" data-e-type=\"section\">\n\t\t\t\t\t\t<div class=\"elementor-container elementor-column-gap-default\">\n\t\t\t\t\t<div class=\"elementor-column elementor-col-100 elementor-top-column elementor-element elementor-element-5dc6f9a\" data-id=\"5dc6f9a\" data-element_type=\"column\" data-e-type=\"column\">\n\t\t\t<div class=\"elementor-widget-wrap elementor-element-populated\">\n\t\t\t\t\t\t<div class=\"elementor-element elementor-element-b9d59ee elementor-widget elementor-widget-text-editor\" data-id=\"b9d59ee\" data-element_type=\"widget\" data-e-type=\"widget\" data-widget_type=\"text-editor.default\">\n\t\t\t\t<div class=\"elementor-widget-container\">\n\t\t\t\t\t\t\t\t\t<p><span style=\"font-size: 14pt;\">Vous allez pouvoir r\u00e9aliser une nature morte\u00a0 en apparence complexe,.<\/span><\/p><p><span style=\"font-size: 14pt;\">Vous devrez d\u00e9couvrir quelques bases sur le dessin, sur les valeurs et les couleurs. Vous devrez aussi apprendre \u00e0 observer, \u00e0 synth\u00e9tiser et simplifier le sujet pour le rendre int\u00e9ressant.\u00a0<\/span><\/p><p><strong><span style=\"font-size: 14pt; color: #800080;\">Mais ce projet est \u00e0 votre port\u00e9e avec un peu de technique, un peu de bon sens, et une bonne pr\u00e9paration. M\u00eame si vous \u00eates d\u00e9butant<\/span><\/strong><\/p><p><strong><span style=\"font-size: 14pt;\">Dans cette courte formation vous apprendrez \u00e0 r\u00e9aliser le pastel ci-dessous<\/span><\/strong><\/p>\t\t\t\t\t\t\t\t<\/div>\n\t\t\t\t<\/div>\n\t\t\t\t\t<\/div>\n\t\t<\/div>\n\t\t\t\t\t<\/div>\n\t\t<\/section>\n\t\t\t\t<section class=\"elementor-section elementor-top-section elementor-element elementor-element-6f5d88f elementor-section-boxed elementor-section-height-default elementor-section-height-default\" data-id=\"6f5d88f\" data-element_type=\"section\" data-e-type=\"section\">\n\t\t\t\t\t\t<div class=\"elementor-container elementor-column-gap-default\">\n\t\t\t\t\t<div class=\"elementor-column elementor-col-100 elementor-top-column elementor-element elementor-element-d453e73\" data-id=\"d453e73\" data-element_type=\"column\" data-e-type=\"column\">\n\t\t\t<div class=\"elementor-widget-wrap elementor-element-populated\">\n\t\t\t\t\t\t<div class=\"elementor-element elementor-element-c19f7cf elementor-widget elementor-widget-image\" data-id=\"c19f7cf\" data-element_type=\"widget\" data-e-type=\"widget\" data-widget_type=\"image.default\">\n\t\t\t\t<div class=\"elementor-widget-container\">\n\t\t\t\t\t\t\t\t\t\t\t\t\t\t\t<img fetchpriority=\"high\" decoding=\"async\" data-attachment-id=\"2452\" data-permalink=\"https:\/\/sylvainloisant.org\/en\/img_20201106_181349\/\" data-orig-file=\"https:\/\/sylvainloisant.org\/wp-content\/uploads\/2020\/11\/IMG_20201106_181349.jpg\" data-orig-size=\"1680,1260\" data-comments-opened=\"0\" data-image-meta=\"{&quot;aperture&quot;:&quot;1.8&quot;,&quot;credit&quot;:&quot;&quot;,&quot;camera&quot;:&quot;EML-L09&quot;,&quot;caption&quot;:&quot;&quot;,&quot;created_timestamp&quot;:&quot;1604686431&quot;,&quot;copyright&quot;:&quot;&quot;,&quot;focal_length&quot;:&quot;3.95&quot;,&quot;iso&quot;:&quot;160&quot;,&quot;shutter_speed&quot;:&quot;0.02&quot;,&quot;title&quot;:&quot;&quot;,&quot;orientation&quot;:&quot;0&quot;}\" data-image-title=\"IMG_20201106_181349\" data-image-description=\"\" data-image-caption=\"\" data-large-file=\"https:\/\/sylvainloisant.org\/wp-content\/uploads\/2020\/11\/IMG_20201106_181349-1024x768.jpg\" width=\"980\" height=\"735\" src=\"https:\/\/sylvainloisant.org\/wp-content\/uploads\/2020\/11\/IMG_20201106_181349-1024x768.jpg\" class=\"attachment-large size-large wp-image-2452\" alt=\"\" srcset=\"https:\/\/sylvainloisant.org\/wp-content\/uploads\/2020\/11\/IMG_20201106_181349-1024x768.jpg 1024w, https:\/\/sylvainloisant.org\/wp-content\/uploads\/2020\/11\/IMG_20201106_181349-600x450.jpg 600w, https:\/\/sylvainloisant.org\/wp-content\/uploads\/2020\/11\/IMG_20201106_181349-300x225.jpg 300w, https:\/\/sylvainloisant.org\/wp-content\/uploads\/2020\/11\/IMG_20201106_181349-768x576.jpg 768w, https:\/\/sylvainloisant.org\/wp-content\/uploads\/2020\/11\/IMG_20201106_181349-1536x1152.jpg 1536w, https:\/\/sylvainloisant.org\/wp-content\/uploads\/2020\/11\/IMG_20201106_181349-16x12.jpg 16w, https:\/\/sylvainloisant.org\/wp-content\/uploads\/2020\/11\/IMG_20201106_181349-690x518.jpg 690w, https:\/\/sylvainloisant.org\/wp-content\/uploads\/2020\/11\/IMG_20201106_181349-980x735.jpg 980w, https:\/\/sylvainloisant.org\/wp-content\/uploads\/2020\/11\/IMG_20201106_181349-24x18.jpg 24w, https:\/\/sylvainloisant.org\/wp-content\/uploads\/2020\/11\/IMG_20201106_181349-36x27.jpg 36w, https:\/\/sylvainloisant.org\/wp-content\/uploads\/2020\/11\/IMG_20201106_181349-48x36.jpg 48w, https:\/\/sylvainloisant.org\/wp-content\/uploads\/2020\/11\/IMG_20201106_181349.jpg 1680w\" sizes=\"(max-width: 980px) 100vw, 980px\" \/>\t\t\t\t\t\t\t\t\t\t\t\t\t\t\t<\/div>\n\t\t\t\t<\/div>\n\t\t\t\t\t<\/div>\n\t\t<\/div>\n\t\t\t\t\t<\/div>\n\t\t<\/section>\n\t\t\t\t<section class=\"elementor-section elementor-top-section elementor-element elementor-element-0b9377c elementor-section-boxed elementor-section-height-default elementor-section-height-default\" data-id=\"0b9377c\" data-element_type=\"section\" data-e-type=\"section\">\n\t\t\t\t\t\t<div class=\"elementor-container elementor-column-gap-default\">\n\t\t\t\t\t<div class=\"elementor-column elementor-col-100 elementor-top-column elementor-element elementor-element-e99519c\" data-id=\"e99519c\" data-element_type=\"column\" data-e-type=\"column\">\n\t\t\t<div class=\"elementor-widget-wrap elementor-element-populated\">\n\t\t\t\t\t\t<div class=\"elementor-element elementor-element-f1a5642 elementor-widget elementor-widget-text-editor\" data-id=\"f1a5642\" data-element_type=\"widget\" data-e-type=\"widget\" data-widget_type=\"text-editor.default\">\n\t\t\t\t<div class=\"elementor-widget-container\">\n\t\t\t\t\t\t\t\t\t<p style=\"text-align: center;\"><span style=\"font-size: 18pt;\"><strong>Cette courte formation est constitu\u00e9e de deux vid\u00e9os.<\/strong><\/span><\/p><p><span style=\"font-size: 14pt;\">Beaucoup de peintres de niveau d\u00e9butant ou interm\u00e9diaire se perdent lors de la r\u00e9alisation d&rsquo;un tableau en apparence si complexe. <\/span><\/p><p><span style=\"font-size: 14pt;\">La gestion du dessin, des couleurs et des valeurs, puis la r\u00e9alisation des d\u00e9tails sans une m\u00e9thode bien structur\u00e9e,&#8230;.. <strong>c&rsquo;est effectivement mission impossible.<\/strong><\/span><\/p><p><strong><span style=\"font-size: 18pt; color: #800080;\">En r\u00e9p\u00e9tant deux ou trois fois l&rsquo;exercice en suivant les \u00e9tapes propos\u00e9es vous arriverez \u00e0 un\u00a0 r\u00e9sultat correct proche de la photo du pastel ci-dessus<\/span><\/strong><\/p><p><span style=\"font-size: 18pt;\"><strong>La premi\u00e8re vid\u00e9o de (12 mn) explique tous les d\u00e9tails de la pr\u00e9paration<\/strong><\/span><\/p><p><span style=\"font-size: 14pt;\">\u00a0 \u00a0 \u00a0 \u00a0 \u00a0&#8211; choix du sujet<\/span><\/p><p><span style=\"font-size: 14pt;\">\u00a0 \u00a0 \u00a0 \u00a0 \u00a0&#8211; modification de la composition, esquisse dessin\u00e9e<\/span><\/p><p><span style=\"font-size: 14pt;\">\u00a0 \u00a0 \u00a0 \u00a0 \u00a0&#8211; choix des couleurs et pr\u00e9paration de \u00ab\u00a0la mise en valeur\u00a0\u00bb<\/span><\/p><p><span style=\"font-size: 14pt;\">\u00a0 \u00a0 \u00a0 \u00a0 \u00a0&#8211;\u00a0 R\u00e9flexion sur la chronologie des \u00e9tapes de r\u00e9alisation<\/span><\/p><p><span style=\"font-size: 18pt;\"><strong>La vid\u00e9o principale (54 mn) est une d\u00e9monstration compl\u00e8te de la r\u00e9alisation.<\/strong><\/span><\/p><p><span style=\"font-size: 14pt;\">\u00a0 \u00a0 \u00a0 \u00a0 \u00a0&#8211; Mise en place du mat\u00e9riel et des couleurs<\/span><\/p><p><span style=\"font-size: 14pt;\">\u00a0 \u00a0 \u00a0 \u00a0 \u00a0&#8211; dessin esquiss\u00e9<\/span><\/p><p><span style=\"font-size: 14pt;\">\u00a0 \u00a0 \u00a0 \u00a0 \u00a0-cr\u00e9ation du \u00ab\u00a0fant\u00f4me\u00a0\u00bb du tableau avec les valeurs principales<\/span><\/p><p><span style=\"font-size: 14pt;\">\u00a0 \u00a0 \u00a0 \u00a0 \u00a0&#8211; avanc\u00e9e l\u00e9g\u00e8re des couleurs<\/span><\/p><p><span style=\"font-size: 14pt;\">\u00a0 \u00a0 \u00a0 \u00a0 \u00a0&#8211; pr\u00e9cision du dessin, mont\u00e9e des valeurs et premiers d\u00e9tails<\/span><\/p><p><span style=\"font-size: 14pt;\">\u00a0 \u00a0 \u00a0 \u00a0 \u00a0&#8211; Finition du fond, travail de d\u00e9tail tr\u00e8s pr\u00e9cis<\/span><\/p><p><span style=\"font-size: 14pt;\">\u00a0 \u00a0 \u00a0 \u00a0 \u00a0&#8211; Hi\u00e9rarchie des degr\u00e9s de finition.<\/span><\/p><p><strong><em><span style=\"font-size: 12pt;\">Ce tableau a \u00e9t\u00e9 r\u00e9alis\u00e9 en 1h10mn. Il est possible de rajouter de nombreuses heures pour aller dans le d\u00e9tail extr\u00e8me photographique.Je vous le conseille de le faire une fois sur un sujet simple. Mais pour des raisons p\u00e9dagogiques, ce serait inutile d&rsquo;allonger cette vid\u00e9o car il suffit de continuer dans l&rsquo;esprit de ce qui est d\u00e9j\u00e0 expliqu\u00e9<\/span><\/em><\/strong><\/p><p><span style=\"font-size: 18pt;\"><strong><em>Pour le lancement le prix es<\/em><\/strong><strong><em>t de<\/em><\/strong><\/span><\/p><p style=\"text-align: center;\"><span style=\"font-size: 18pt;\"><strong><em><span style=\"color: #cc3131; font-size: 24pt;\"> 22 euros au lieu de 32euros<\/span><\/em><\/strong><span style=\"color: #cc3131; font-size: 24pt;\">\u00a0&#8211;\u00a0<\/span><\/span><\/p>\t\t\t\t\t\t\t\t<\/div>\n\t\t\t\t<\/div>\n\t\t\t\t\t<\/div>\n\t\t<\/div>\n\t\t\t\t\t<\/div>\n\t\t<\/section>\n\t\t\t\t<section class=\"elementor-section elementor-top-section elementor-element elementor-element-d123468 elementor-section-boxed elementor-section-height-default elementor-section-height-default\" data-id=\"d123468\" data-element_type=\"section\" data-e-type=\"section\">\n\t\t\t\t\t\t<div class=\"elementor-container elementor-column-gap-default\">\n\t\t\t\t\t<div class=\"elementor-column elementor-col-100 elementor-top-column elementor-element elementor-element-19500b9\" data-id=\"19500b9\" data-element_type=\"column\" data-e-type=\"column\">\n\t\t\t<div class=\"elementor-widget-wrap elementor-element-populated\">\n\t\t\t\t\t\t<div class=\"elementor-element elementor-element-b05b0ef elementor-align-center elementor-widget elementor-widget-button\" data-id=\"b05b0ef\" data-element_type=\"widget\" data-e-type=\"widget\" data-widget_type=\"button.default\">\n\t\t\t\t<div class=\"elementor-widget-container\">\n\t\t\t\t\t\t\t\t\t<div class=\"elementor-button-wrapper\">\n\t\t\t\t\t<a class=\"elementor-button elementor-button-link elementor-size-xl\" href=\"https:\/\/sylvainloisant.kneo.me\/shop\/view\/C5B777\">\n\t\t\t\t\t\t<span class=\"elementor-button-content-wrapper\">\n\t\t\t\t\t\t\t\t\t<span class=\"elementor-button-text\">J'acc\u00e8de aux vid\u00e9os<\/span>\n\t\t\t\t\t<\/span>\n\t\t\t\t\t<\/a>\n\t\t\t\t<\/div>\n\t\t\t\t\t\t\t\t<\/div>\n\t\t\t\t<\/div>\n\t\t\t\t\t<\/div>\n\t\t<\/div>\n\t\t\t\t\t<\/div>\n\t\t<\/section>\n\t\t\t\t<\/div>","protected":false},"excerpt":{"rendered":"<p>Vous allez pouvoir r\u00e9aliser une nature morte\u00a0 en apparence complexe,. Vous devrez d\u00e9couvrir quelques bases sur le dessin, sur les valeurs et les couleurs. Vous devrez aussi apprendre \u00e0 observer, \u00e0 synth\u00e9tiser et simplifier le sujet pour le rendre int\u00e9ressant.\u00a0 Mais ce projet est \u00e0 votre port\u00e9e avec un peu de technique, un peu de [&hellip;]<\/p>\n","protected":false},"author":1,"featured_media":0,"parent":0,"menu_order":0,"comment_status":"closed","ping_status":"closed","template":"","meta":{"footnotes":""},"class_list":["post-2455","page","type-page","status-publish","hentry"],"jetpack_sharing_enabled":true,"jetpack_shortlink":"https:\/\/wp.me\/P6kPb2-DB","jetpack-related-posts":[{"id":1556,"url":"https:\/\/sylvainloisant.org\/en\/comment-creer-un-paysage-urbain-a-lacrylique\/","url_meta":{"origin":2455,"position":0},"title":"COMMENT CREER UN PAYSAGE URBAIN ACRYLIQUE ET HUILE ET LE REUSSIR: Toutes les \u00e9tapes","author":"Sylvain Loisant","date":"12 July 2020","format":false,"excerpt":"Pour que vous puissiez r\u00e9aliser un paysage urbain qui est en apparence complexe, vous devrez avoir certes quelques bases sur la\u00a0 perspective, sur les valeurs et les couleurs. Vous devrez aussi apprendre \u00e0 synth\u00e9tiser et simplifier le sujet pour le rendre int\u00e9ressant.\u00a0Mais ce projet est \u00e0 votre port\u00e9e avec un\u2026","rel":"","context":"Similar post","block_context":{"text":"Similar post","link":""},"img":{"alt_text":"","src":"https:\/\/i0.wp.com\/sylvainloisant.org\/wp-content\/uploads\/2020\/07\/IMG_20190913_155709-1024x1024.jpg?resize=350%2C200&ssl=1","width":350,"height":200,"srcset":"https:\/\/i0.wp.com\/sylvainloisant.org\/wp-content\/uploads\/2020\/07\/IMG_20190913_155709-1024x1024.jpg?resize=350%2C200&ssl=1 1x, https:\/\/i0.wp.com\/sylvainloisant.org\/wp-content\/uploads\/2020\/07\/IMG_20190913_155709-1024x1024.jpg?resize=525%2C300&ssl=1 1.5x, https:\/\/i0.wp.com\/sylvainloisant.org\/wp-content\/uploads\/2020\/07\/IMG_20190913_155709-1024x1024.jpg?resize=700%2C400&ssl=1 2x"},"classes":[]},{"id":2757,"url":"https:\/\/sylvainloisant.org\/en\/la-lumiere-et-la-matiere\/","url_meta":{"origin":2455,"position":1},"title":"la lumi\u00e8re et la mati\u00e8re","author":"Sylvain Loisant","date":"27 November 2020","format":false,"excerpt":"La lumi\u00e8re et la mati\u00e8re: Le drap\u00e9 Bonjour, vous venez d'ouvrir cette page pour mieux conna\u00eetre le contenu du bonus qui d\u00e9veloppe pendant 35 mn avec beaucoup d'explication la technique du drap\u00e9.\u00a0Cette vid\u00e9o vous permettra de comprendre un des 4 liens subtils qui relient la lumi\u00e8re et la mati\u00e8re. Le\u2026","rel":"","context":"Similar post","block_context":{"text":"Similar post","link":""},"img":{"alt_text":"","src":"https:\/\/i0.wp.com\/sylvainloisant.org\/wp-content\/uploads\/2020\/11\/LUMIERE-MATIERE-500x500.png?resize=350%2C200&ssl=1","width":350,"height":200},"classes":[]},{"id":44468,"url":"https:\/\/sylvainloisant.org\/en\/la-foret-yinyang\/","url_meta":{"origin":2455,"position":2},"title":"Huile:  La for\u00eat YinYang","author":"Sylvain Loisant","date":"5 March 2026","format":false,"excerpt":"Huile sur toile 42 x 33 cm\u00a0 Prix900 \u20ac\u00a0Paiement possible en 3 fois sans frais\u0152uvre disponibleLivraison soign\u00e9e et gratuite \u2013 Certificat d\u2019authenticit\u00e9 fourni\u00a0\u00a0 Issue d\u2019une r\u00e9gion o\u00f9 la for\u00eat est omnipr\u00e9sente \u2014 \u00e9l\u00e9gante, douce et enveloppante \u2014 je n\u2019ai pas pu m\u2019emp\u00eacher de la r\u00eaver autrement.\u00c0 travers le bleu, ces\u00a0for\u00eats\u2026","rel":"","context":"Similar post","block_context":{"text":"Similar post","link":""},"img":{"alt_text":"","src":"https:\/\/i0.wp.com\/sylvainloisant.org\/wp-content\/uploads\/2022\/05\/Yin-Yang-forest-42-x-33-cm-1024x780.jpg?resize=350%2C200&ssl=1","width":350,"height":200,"srcset":"https:\/\/i0.wp.com\/sylvainloisant.org\/wp-content\/uploads\/2022\/05\/Yin-Yang-forest-42-x-33-cm-1024x780.jpg?resize=350%2C200&ssl=1 1x, https:\/\/i0.wp.com\/sylvainloisant.org\/wp-content\/uploads\/2022\/05\/Yin-Yang-forest-42-x-33-cm-1024x780.jpg?resize=525%2C300&ssl=1 1.5x, https:\/\/i0.wp.com\/sylvainloisant.org\/wp-content\/uploads\/2022\/05\/Yin-Yang-forest-42-x-33-cm-1024x780.jpg?resize=700%2C400&ssl=1 2x"},"classes":[]},{"id":41442,"url":"https:\/\/sylvainloisant.org\/en\/foret-rouge-verticale\/","url_meta":{"origin":2455,"position":3},"title":"Huile: For\u00eat rouge verticale","author":"Sylvain Loisant","date":"10 February 2024","format":false,"excerpt":"Huile sur toile 42 x 33 cm Prix1 200 \u20ac\u00a0Paiement possible en 3 fois sans frais\u0152uvre disponibleLivraison soign\u00e9e \u2013 Certificat d\u2019authenticit\u00e9 fourni Agrandissement d'un d\u00e9tail Derri\u00e8re la toile de lin de bonne qualit\u00e9 Mise en\u00a0 situation La for\u00eat rouge verticale est une huile sur toile de 42 x 34 cm\u2026","rel":"","context":"Similar post","block_context":{"text":"Similar post","link":""},"img":{"alt_text":"","src":"https:\/\/i0.wp.com\/sylvainloisant.org\/wp-content\/uploads\/2025\/02\/awp-la-foret-rouge-verticale-817x1024.jpg?resize=350%2C200&ssl=1","width":350,"height":200,"srcset":"https:\/\/i0.wp.com\/sylvainloisant.org\/wp-content\/uploads\/2025\/02\/awp-la-foret-rouge-verticale-817x1024.jpg?resize=350%2C200&ssl=1 1x, https:\/\/i0.wp.com\/sylvainloisant.org\/wp-content\/uploads\/2025\/02\/awp-la-foret-rouge-verticale-817x1024.jpg?resize=525%2C300&ssl=1 1.5x, https:\/\/i0.wp.com\/sylvainloisant.org\/wp-content\/uploads\/2025\/02\/awp-la-foret-rouge-verticale-817x1024.jpg?resize=700%2C400&ssl=1 2x"},"classes":[]},{"id":13845,"url":"https:\/\/sylvainloisant.org\/en\/l-imaginaire\/","url_meta":{"origin":2455,"position":4},"title":"L&rsquo;imaginaire","author":"Sylvain Loisant","date":"30 June 2021","format":false,"excerpt":"L'IMAGINAIRE:Exercices et techniques Vous n'avez pas d'imagination?C'EST FAUX! Elle est bien la, il faut juste la travailler, sortir des sentiers battus. Dans ces cours, je vous propose les clefs que j'ai pu d\u00e9couvrir \u00e0 travers mon exp\u00e9rience pour l'exacerber. Vous n'arrivez pas \u00e0 structurer toutes vos id\u00e9es?L'imaginaire est un vaste\u2026","rel":"","context":"Similar post","block_context":{"text":"Similar post","link":""},"img":{"alt_text":"","src":"","width":0,"height":0},"classes":[]},{"id":44458,"url":"https:\/\/sylvainloisant.org\/en\/les-toits-verts\/","url_meta":{"origin":2455,"position":5},"title":"Huile: Les toits verts","author":"Sylvain Loisant","date":"5 March 2026","format":false,"excerpt":"Huile sur toile 35 x 27 cm Prix750 \u20ac\u00a0Paiement possible en 3 fois sans frais\u0152uvre disponibleLivraison soign\u00e9e \u2013 Certificat d\u2019authenticit\u00e9 fourni Agrandissement d'un d\u00e9tail Derri\u00e8re la toile de lin de bonne qualit\u00e9 Mise en\u00a0 situation La for\u00eat rouge verticale est une huile sur toile de 42 x 34 cm Les\u2026","rel":"","context":"Similar post","block_context":{"text":"Similar post","link":""},"img":{"alt_text":"les toits verts 32 x 26 cm","src":"https:\/\/i0.wp.com\/sylvainloisant.org\/wp-content\/uploads\/2025\/02\/awp-les-toits-verts-786x1024.jpg?resize=350%2C200&ssl=1","width":350,"height":200,"srcset":"https:\/\/i0.wp.com\/sylvainloisant.org\/wp-content\/uploads\/2025\/02\/awp-les-toits-verts-786x1024.jpg?resize=350%2C200&ssl=1 1x, https:\/\/i0.wp.com\/sylvainloisant.org\/wp-content\/uploads\/2025\/02\/awp-les-toits-verts-786x1024.jpg?resize=525%2C300&ssl=1 1.5x, https:\/\/i0.wp.com\/sylvainloisant.org\/wp-content\/uploads\/2025\/02\/awp-les-toits-verts-786x1024.jpg?resize=700%2C400&ssl=1 2x"},"classes":[]}],"_links":{"self":[{"href":"https:\/\/sylvainloisant.org\/en\/wp-json\/wp\/v2\/pages\/2455","targetHints":{"allow":["GET"]}}],"collection":[{"href":"https:\/\/sylvainloisant.org\/en\/wp-json\/wp\/v2\/pages"}],"about":[{"href":"https:\/\/sylvainloisant.org\/en\/wp-json\/wp\/v2\/types\/page"}],"author":[{"embeddable":true,"href":"https:\/\/sylvainloisant.org\/en\/wp-json\/wp\/v2\/users\/1"}],"replies":[{"embeddable":true,"href":"https:\/\/sylvainloisant.org\/en\/wp-json\/wp\/v2\/comments?post=2455"}],"version-history":[{"count":10,"href":"https:\/\/sylvainloisant.org\/en\/wp-json\/wp\/v2\/pages\/2455\/revisions"}],"predecessor-version":[{"id":2470,"href":"https:\/\/sylvainloisant.org\/en\/wp-json\/wp\/v2\/pages\/2455\/revisions\/2470"}],"wp:attachment":[{"href":"https:\/\/sylvainloisant.org\/en\/wp-json\/wp\/v2\/media?parent=2455"}],"curies":[{"name":"wp","href":"https:\/\/api.w.org\/{rel}","templated":true}]}}